{"id":2228,"date":"2017-10-02T15:10:17","date_gmt":"2017-10-02T15:10:17","guid":{"rendered":"http:\/\/box2028.temp.domains\/~bersonp1\/fr\/?page_id=2228"},"modified":"2017-10-03T01:19:23","modified_gmt":"2017-10-03T01:19:23","slug":"accueil","status":"publish","type":"page","link":"https:\/\/berson-papermanmonuments.com\/fr\/","title":{"rendered":"ACCUEIL"},"content":{"rendered":"<div class=\"fusion-fullwidth fullwidth-box fusion-fullwidth-1  fusion-parallax-none nonhundred-percent-fullwidth\" style=\"border-color:#eae9e9;border-bottom-width: 0px;border-top-width: 0px;border-bottom-style: solid;border-top-style: solid;padding-bottom:80px;padding-top:80px;padding-left:0px;padding-right:0px;background-color:#535353;\"><style type=\"text\/css\" scoped=\"scoped\">.fusion-fullwidth-1 {\n                            padding-left: 0px !important;\n                            padding-right: 0px !important;\n                        }<\/style><div class=\"fusion-row\"><div class=\"fusion-one-fourth fusion-layout-column fusion-spacing-yes\" style=\"margin-top:0px;margin-bottom:20px;\"><div class=\"fusion-column-wrapper\"><div class=\"imageframe-align-center\"><div class=\"imageframe-liftup\"><span class=\"fusion-imageframe imageframe-none imageframe-1\"><a class=\"fusion-no-lightbox\" href=\"http:\/\/box2028.temp.domains\/~bersonp1\/wp\/monuments-shapes-and-styles\/\" target=\"_self\"> <img decoding=\"async\" alt=\"\" src=\"http:\/\/box2028.temp.domains\/~bersonp1\/wp\/wp-content\/uploads\/2015\/02\/monuments.jpg\" class=\"img-responsive\"\/><\/a><\/span><\/div><\/div><p style=\"text-align: center;\"><span style=\"color: #ffffff;\">Formes et styles de monuments<\/span><\/p>\n<div class=\"fusion-clearfix\"><\/div><\/div><\/div><div class=\"fusion-one-fourth fusion-layout-column fusion-spacing-yes\" style=\"margin-top:0px;margin-bottom:20px;\"><div class=\"fusion-column-wrapper\"><div class=\"imageframe-align-center\"><div class=\"imageframe-liftup\"><span class=\"fusion-imageframe imageframe-none imageframe-2\"><a class=\"fusion-no-lightbox\" href=\"http:\/\/box2028.temp.domains\/~bersonp1\/wp\/unveiling\/\" target=\"_self\"> <img decoding=\"async\" alt=\"\" src=\"http:\/\/box2028.temp.domains\/~bersonp1\/wp\/wp-content\/uploads\/2015\/02\/unveiling.jpg\" class=\"img-responsive\"\/><\/a><\/span><\/div><\/div><p style=\"text-align: center;\"><span style=\"color: #ffffff;\">D\u00e9voilement<\/span><\/p>\n<div class=\"fusion-clearfix\"><\/div><\/div><\/div><div class=\"fusion-one-fourth fusion-layout-column fusion-spacing-yes\" style=\"margin-top:0px;margin-bottom:20px;\"><div class=\"fusion-column-wrapper\"><div class=\"imageframe-align-center\"><div class=\"imageframe-liftup\"><span class=\"fusion-imageframe imageframe-none imageframe-3\"><a class=\"fusion-no-lightbox\" href=\"http:\/\/box2028.temp.domains\/~bersonp1\/wp\/services\/\" target=\"_self\"> <img decoding=\"async\" alt=\"\" src=\"http:\/\/box2028.temp.domains\/~bersonp1\/wp\/wp-content\/uploads\/2015\/02\/cemetery.jpg\" class=\"img-responsive\"\/><\/a><\/span><\/div><\/div><p style=\"text-align: center;\"><span style=\"color: #ffffff;\">Cimeti\u00e8res\u00a0<\/span><\/p>\n<div class=\"fusion-clearfix\"><\/div><\/div><\/div><div class=\"fusion-one-fourth fusion-layout-column fusion-column-last fusion-spacing-yes\" style=\"margin-top:0px;margin-bottom:20px;\"><div class=\"fusion-column-wrapper\"><div class=\"imageframe-align-center\"><div class=\"imageframe-liftup\"><span class=\"fusion-imageframe imageframe-none imageframe-4\"><a class=\"fusion-no-lightbox\" href=\"http:\/\/box2028.temp.domains\/~bersonp1\/wp\/granite\/\" target=\"_self\"> <img decoding=\"async\" alt=\"\" src=\"http:\/\/box2028.temp.domains\/~bersonp1\/wp\/wp-content\/uploads\/2015\/02\/granite.jpg\" class=\"img-responsive\"\/><\/a><\/span><\/div><\/div><p style=\"text-align: center;\"><span style=\"color: #ffffff;\">Couleurs de granit<\/span><\/p>\n<div class=\"fusion-clearfix\"><\/div><\/div><\/div><div class=\"fusion-clearfix\"><\/div><div class=\"fusion-one-sixth fusion-layout-column fusion-spacing-yes\" style=\"margin-top:0px;margin-bottom:20px;\"><div class=\"fusion-column-wrapper\"><div class=\"fusion-clearfix\"><\/div><\/div><\/div><div class=\"fusion-one-fourth fusion-layout-column fusion-spacing-yes\" style=\"margin-top:0px;margin-bottom:20px;\"><div class=\"fusion-column-wrapper\"><div class=\"imageframe-align-center\"><div class=\"imageframe-liftup\"><span class=\"fusion-imageframe imageframe-none imageframe-5\"><a class=\"fusion-no-lightbox\" href=\"http:\/\/box2028.temp.domains\/~bersonp1\/wp\/lettering-fonts\/\" target=\"_self\"> <img decoding=\"async\" alt=\"\" src=\"http:\/\/box2028.temp.domains\/~bersonp1\/wp\/wp-content\/uploads\/2015\/02\/lettering.jpg\" class=\"img-responsive\"\/><\/a><\/span><\/div><\/div><p style=\"text-align: center;\"><span style=\"color: #ffffff;\">Lettrage et typographie<\/span><\/p>\n<div class=\"fusion-clearfix\"><\/div><\/div><\/div><div class=\"fusion-one-fourth fusion-layout-column fusion-spacing-yes\" style=\"margin-top:0px;margin-bottom:20px;\"><div class=\"fusion-column-wrapper\"><div class=\"imageframe-align-center\"><span class=\"fusion-imageframe imageframe-none imageframe-6 hover-type-none\"> <img decoding=\"async\" alt=\"\" src=\"http:\/\/box2028.temp.domains\/~bersonp1\/wp\/wp-content\/uploads\/2015\/02\/engraving.jpg\" class=\"img-responsive\"\/><\/span><\/div><p style=\"text-align: center;\"><span style=\"color: #ffffff;\">Services de gravure<\/span><\/p>\n<div class=\"fusion-clearfix\"><\/div><\/div><\/div><div class=\"fusion-one-fourth fusion-layout-column fusion-column-last fusion-spacing-yes\" style=\"margin-top:0px;margin-bottom:20px;\"><div class=\"fusion-column-wrapper\"><div class=\"imageframe-align-center\"><span class=\"fusion-imageframe imageframe-none imageframe-7 hover-type-none\"> <img decoding=\"async\" alt=\"\" src=\"http:\/\/box2028.temp.domains\/~bersonp1\/wp\/wp-content\/uploads\/2015\/02\/community.jpg\" class=\"img-responsive\"\/><\/span><\/div><p style=\"text-align: center;\"><span style=\"color: #ffffff;\">Communaut\u00e9<\/span><\/p>\n<div class=\"fusion-clearfix\"><\/div><\/div><\/div><div class=\"fusion-clearfix\"><\/div><\/div><\/div><div class=\"fusion-fullwidth fullwidth-box fusion-fullwidth-2  fusion-parallax-fixed nonhundred-percent-fullwidth\" style=\"border-color:#eae9e9;border-bottom-width: 0px;border-top-width: 0px;border-bottom-style: solid;border-top-style: solid;padding-bottom:20px;padding-top:20px;padding-left:;padding-right:;background-attachment:fixed;background-position:left top;background-repeat:no-repeat;-webkit-background-size:cover;-moz-background-size:cover;-o-background-size:cover;background-size:cover;-ms-filter: &quot;progid:DXImageTransform.Microsoft.AlphaImageLoader(src=&#039;http:\/\/box2028.temp.domains\/~bersonp1\/wp\/wp-content\/uploads\/2015\/02\/2320974295_3147e1fc83_o-300x200.jpg&#039;, sizingMethod=&#039;scale&#039;)&quot;;background-image: url(http:\/\/box2028.temp.domains\/~bersonp1\/wp\/wp-content\/uploads\/2015\/02\/2320974295_3147e1fc83_o-300x200.jpg);\"><style type=\"text\/css\" scoped=\"scoped\">.fusion-fullwidth-2 {\n                            padding-left: px !important;\n                            padding-right: px !important;\n                        }<\/style><div class=\"fusion-row\"><div class=\"fusion-one-full fusion-layout-column fusion-column-last fusion-spacing-yes\" style=\"margin-top:0px;margin-bottom:20px;\"><div class=\"fusion-column-wrapper\"><div class=\"fusion-title title fusion-sep-none fusion-title-center fusion-title-size-two\"><h2 class=\"title-heading-center\">\n<h2><span style=\"color: #ffffff;\">ENTREPRISE FAMILIALE. VALEURS TRADITIONNELLES<\/span><\/h2>\n<\/h2><\/div><p style=\"text-align: left;\"><span style=\"color: #ffffff;\">Laurence a pass\u00e9 la premi\u00e8re partie de sa carri\u00e8re \u00e0 travailler dans la salle fun\u00e9raire familiale et, depuis 15 ans, s&rsquo;est concentr\u00e9 sur les op\u00e9rations du cimeti\u00e8re familial. Il apporte 35 ans d&rsquo;exp\u00e9rience et de compassion, aidant notre communaut\u00e9 \u00e0 travers ces moments difficiles.<\/span><\/p>\n<p style=\"text-align: left;\"><span style=\"color: #ffffff;\">Brandee a pass\u00e9 de nombreuses ann\u00e9es d&rsquo;apprentissage avec son p\u00e8re, Marvin Berson, apr\u00e8s avoir termin\u00e9 ses \u00e9tudes et obtenu un baccalaur\u00e9at en \u00e9tudes juives, un certificat de formation de professeur juif et un baccalaur\u00e9at en travail social. Brandee est bien \u00e9quip\u00e9e \u00e0 la fois professionnellement et par sa nature pour r\u00e9pondre \u00e0 tous les besoins de chaque famille avec soin, respect et une connaissance approfondie des traditions anciennes.<\/span><\/p>\n<p style=\"text-align: left;\"><span style=\"color: #ffffff;\">Earl Klein est mari\u00e9 \u00e0 Brandee et travaille depuis 10 ans dans l&rsquo;entreprise familiale. Earl a acquis une r\u00e9putation de compassion et de respect lorsqu&rsquo;il s&rsquo;agit de familles.<\/span><\/p>\n<div class=\"fusion-clearfix\"><\/div><\/div><\/div><div class=\"fusion-clearfix\"><\/div><div class=\"fusion-one-full fusion-layout-column fusion-column-last fusion-spacing-yes\" style=\"margin-top:0px;margin-bottom:20px;\"><div class=\"fusion-column-wrapper\"><div class=\"fusion-title title fusion-sep-none fusion-title-size-two\"><h2 class=\"title-heading-left\"><span style=\"color: #ffffff;\">514-845-7700<\/span><\/h2><\/div><p><span style=\"color: #ffffff;\">Email: <a style=\"color: #ffffff;\" href=\"mailto:info@berson-paperman.com\">info@berson-paperman.com<\/a><\/span><\/p>\n<div class=\"fusion-clearfix\"><\/div><\/div><\/div><div class=\"fusion-clearfix\"><\/div><\/div><\/div><div class=\"fusion-fullwidth fullwidth-box fusion-fullwidth-3  fusion-parallax-fixed nonhundred-percent-fullwidth\" style=\"border-color:#eae9e9;border-bottom-width: 0px;border-top-width: 0px;border-bottom-style: solid;border-top-style: solid;padding-bottom:20px;padding-top:20px;padding-left:;padding-right:;background-color:#535353;\"><style type=\"text\/css\" scoped=\"scoped\">.fusion-fullwidth-3 {\n                            padding-left: px !important;\n                            padding-right: px !important;\n                        }<\/style><div class=\"fusion-row\"><iframe loading=\"lazy\" src=\"https:\/\/www.google.com\/maps\/embed?pb=!1m18!1m12!1m3!1d2796.9131505957293!2d-73.6678297842024!3d45.491693639629005!2m3!1f0!2f0!3f0!3m2!1i1024!2i768!4f13.1!3m3!1m2!1s0x4cc919d552937af9%3A0x6814804a1f578ec8!2sBerson+%26+Paperman+Monuments!5e0!3m2!1sen!2sca!4v1456238800564\" width=\"1200\" height=\"450\" frameborder=\"0\" style=\"border:0\" allowfullscreen><\/iframe><\/div><\/div><p>\u00a0<\/p>\n\n","protected":false},"excerpt":{"rendered":"","protected":false},"author":2,"featured_media":0,"parent":0,"menu_order":0,"comment_status":"closed","ping_status":"open","template":"100-width.php","meta":{"footnotes":""},"class_list":["post-2228","page","type-page","status-publish","hentry"],"_links":{"self":[{"href":"https:\/\/berson-papermanmonuments.com\/fr\/wp-json\/wp\/v2\/pages\/2228","targetHints":{"allow":["GET"]}}],"collection":[{"href":"https:\/\/berson-papermanmonuments.com\/fr\/wp-json\/wp\/v2\/pages"}],"about":[{"href":"https:\/\/berson-papermanmonuments.com\/fr\/wp-json\/wp\/v2\/types\/page"}],"author":[{"embeddable":true,"href":"https:\/\/berson-papermanmonuments.com\/fr\/wp-json\/wp\/v2\/users\/2"}],"replies":[{"embeddable":true,"href":"https:\/\/berson-papermanmonuments.com\/fr\/wp-json\/wp\/v2\/comments?post=2228"}],"version-history":[{"count":7,"href":"https:\/\/berson-papermanmonuments.com\/fr\/wp-json\/wp\/v2\/pages\/2228\/revisions"}],"predecessor-version":[{"id":2673,"href":"https:\/\/berson-papermanmonuments.com\/fr\/wp-json\/wp\/v2\/pages\/2228\/revisions\/2673"}],"wp:attachment":[{"href":"https:\/\/berson-papermanmonuments.com\/fr\/wp-json\/wp\/v2\/media?parent=2228"}],"curies":[{"name":"wp","href":"https:\/\/api.w.org\/{rel}","templated":true}]}}