{"id":2321,"date":"2017-10-02T16:42:20","date_gmt":"2017-10-02T16:42:20","guid":{"rendered":"http:\/\/box2028.temp.domains\/~bersonp1\/fr\/?page_id=2321"},"modified":"2017-10-02T21:21:10","modified_gmt":"2017-10-02T21:21:10","slug":"devoilement","status":"publish","type":"page","link":"https:\/\/berson-papermanmonuments.com\/fr\/devoilement\/","title":{"rendered":"D\u00e9voilement"},"content":{"rendered":"<div class=\"fusion-fullwidth fullwidth-box fusion-fullwidth-1  fusion-parallax-none nonhundred-percent-fullwidth\" style=\"border-color:#eae9e9;border-bottom-width: 0px;border-top-width: 0px;border-bottom-style: solid;border-top-style: solid;padding-bottom:30px;padding-top:0px;padding-left:0px;padding-right:0px;\"><style type=\"text\/css\" scoped=\"scoped\">.fusion-fullwidth-1 {\n                            padding-left: 0px !important;\n                            padding-right: 0px !important;\n                        }<\/style><div class=\"fusion-row\"><div class=\"fusion-one-half fusion-layout-column fusion-spacing-yes\" style=\"margin-top:0px;margin-bottom:20px;\"><div class=\"fusion-column-wrapper\"><h2>D\u00e9voilement<\/h2>\n<div class=\"fusion-sep-clear\"><\/div><div class=\"fusion-separator sep-single\" style=\"border-color:#e2e3e8;border-top-width:3px;margin-top:0px;margin-bottom:35px;width:100%;max-width:170px;\"><\/div><h3><em>Selon le droit juif, en tant qu&rsquo;homme au d\u00e9funt, un monument est \u00e9rig\u00e9 \u00e0 tout moment dans un d\u00e9lai de 12 mois pour marquer la tombe. Cela vient du Livre de Gen\u00e8se 35:20 o\u00f9 Jacob a mis en place une colonne sur la tombe de sa femme Rachel. Aujourd&rsquo;hui, les touristes en Isra\u00ebl continuent \u00e0 visiter \u00ab\u00a0Tombe de Rachel\u00a0\u00bb.<\/em><\/h3>\n<div class=\"fusion-sep-clear\"><\/div><div class=\"fusion-separator fusion-full-width-sep sep-none\" style=\"border-color:#e0dede;margin-left: auto;margin-right: auto;margin-top:30px;\"><\/div><p>Un service de d\u00e9voilement est un service de s\u00e9pulture marquant le \u00abd\u00e9voilement\u00bb du Monument \u00e0 la famille et aux amis. Un service de d\u00e9voilement est une coutume nord-am\u00e9ricaine et non requise par la loi juive. Dans les temps modernes, un service de d\u00e9voilement est devenu une pratique courante. G\u00e9n\u00e9ralement, un d\u00e9voilement se d\u00e9roule \u00e0 tout moment entre la fin de Shloshim (fin des trente premiers jours) et le premier Yahrzeit (anniversaire du d\u00e9c\u00e8s).<\/p>\n<p>Le Proph\u00e8te Ez\u00e9chiel (39:15) ordonne que si les os des morts sont d\u00e9couverts \u00ab\u00e9tablissez un signe par lui\u00bb. Depuis les temps bibliques jusqu&rsquo;\u00e0 aujourd&rsquo;hui, les Juifs ont continu\u00e9 \u00e0 marquer la place de leur famille. Un monument sert \u00e0 marquer l&rsquo;endroit o\u00f9 l&rsquo;on est enterr\u00e9. C&rsquo;est aussi une forme de rappel et d&rsquo;honneur \u00e0 ceux qui sont d\u00e9c\u00e9d\u00e9s.<\/p>\n<div class=\"fusion-clearfix\"><\/div><\/div><\/div><div class=\"fusion-one-half fusion-layout-column fusion-column-last fusion-spacing-yes\" style=\"margin-top:0px;margin-bottom:20px;\"><div class=\"fusion-column-wrapper\"><div class=\"imageframe-align-center\"><span class=\"fusion-imageframe imageframe-none imageframe-1 hover-type-zoomin fusion-animated\" data-animationType=\"fadeInDown\" data-animationDuration=\"1\" data-animationOffset=\"100%\"> <img decoding=\"async\" alt=\"\" src=\"http:\/\/box2028.temp.domains\/~bersonp1\/wp\/wp-content\/uploads\/2016\/02\/candle.jpg\" class=\"img-responsive\"\/><\/span><\/div><p style=\"text-align: center;\"><span style=\"color: #808080;\"><a style=\"color: #808080;\" href=\"http:\/\/box2028.temp.domains\/~bersonp1\/wp\/wp-content\/uploads\/2017\/02\/Prayers-online.pdf\" target=\"_blank\">Cliquez ici pour t\u00e9l\u00e9charger et imprimer les pri\u00e8res de d\u00e9voilement<\/a><\/span><\/p>\n<p>Un service de d\u00e9voilement comprend quelques psaumes, des mots sur le d\u00e9funt, l&rsquo;enl\u00e8vement du voile de Monument, El Maleh Rachanim et la r\u00e9citation du Kaddish de Mourner.<\/p>\n<p>Un service de d\u00e9voilement offre aux Mourners la possibilit\u00e9 de gu\u00e9rison \u00e9motionnelle et psychologique.<\/p>\n<div class=\"fusion-clearfix\"><\/div><\/div><\/div><div class=\"fusion-clearfix\"><\/div><\/div><\/div>\n","protected":false},"excerpt":{"rendered":"","protected":false},"author":2,"featured_media":0,"parent":0,"menu_order":0,"comment_status":"closed","ping_status":"closed","template":"100-width.php","meta":{"footnotes":""},"class_list":["post-2321","page","type-page","status-publish","hentry"],"_links":{"self":[{"href":"https:\/\/berson-papermanmonuments.com\/fr\/wp-json\/wp\/v2\/pages\/2321","targetHints":{"allow":["GET"]}}],"collection":[{"href":"https:\/\/berson-papermanmonuments.com\/fr\/wp-json\/wp\/v2\/pages"}],"about":[{"href":"https:\/\/berson-papermanmonuments.com\/fr\/wp-json\/wp\/v2\/types\/page"}],"author":[{"embeddable":true,"href":"https:\/\/berson-papermanmonuments.com\/fr\/wp-json\/wp\/v2\/users\/2"}],"replies":[{"embeddable":true,"href":"https:\/\/berson-papermanmonuments.com\/fr\/wp-json\/wp\/v2\/comments?post=2321"}],"version-history":[{"count":5,"href":"https:\/\/berson-papermanmonuments.com\/fr\/wp-json\/wp\/v2\/pages\/2321\/revisions"}],"predecessor-version":[{"id":2326,"href":"https:\/\/berson-papermanmonuments.com\/fr\/wp-json\/wp\/v2\/pages\/2321\/revisions\/2326"}],"wp:attachment":[{"href":"https:\/\/berson-papermanmonuments.com\/fr\/wp-json\/wp\/v2\/media?parent=2321"}],"curies":[{"name":"wp","href":"https:\/\/api.w.org\/{rel}","templated":true}]}}