{"id":2367,"date":"2017-10-02T21:24:18","date_gmt":"2017-10-02T21:24:18","guid":{"rendered":"http:\/\/box2028.temp.domains\/~bersonp1\/fr\/?page_id=2367"},"modified":"2017-10-02T21:24:18","modified_gmt":"2017-10-02T21:24:18","slug":"prieres-de-devoilement","status":"publish","type":"page","link":"https:\/\/berson-papermanmonuments.com\/fr\/prieres-de-devoilement\/","title":{"rendered":"Pri\u00e8res de d\u00e9voilement"},"content":{"rendered":"<div class=\"fusion-fullwidth fullwidth-box fusion-fullwidth-1  fusion-parallax-none nonhundred-percent-fullwidth\" style=\"border-color:#eae9e9;border-bottom-width: 0px;border-top-width: 0px;border-bottom-style: solid;border-top-style: solid;padding-bottom:30px;padding-top:30px;padding-left:0px;padding-right:0px;background-color:#cecece;\"><style type=\"text\/css\" scoped=\"scoped\">.fusion-fullwidth-1 {\n                            padding-left: 0px !important;\n                            padding-right: 0px !important;\n                        }<\/style><div class=\"fusion-row\"><div class=\"fusion-one-full fusion-layout-column fusion-column-last fusion-spacing-yes\" style=\"margin-top:0px;margin-bottom:20px;\"><div class=\"fusion-column-wrapper\"><h2 style=\"text-align: center;\"><span style=\"color: #808080;\"><a style=\"color: #808080;\" href=\"http:\/\/box2028.temp.domains\/~bersonp1\/wp\/wp-content\/uploads\/2017\/02\/Prayers-online.pdf\" target=\"_blank\">Cliquez ici pour t\u00e9l\u00e9charger et imprimer les pri\u00e8res de d\u00e9voilement<\/a><\/span><\/h2>\n<div class=\"fusion-clearfix\"><\/div><\/div><\/div><div class=\"fusion-clearfix\"><\/div><div class=\"fusion-one-full fusion-layout-column fusion-column-last fusion-spacing-yes\" style=\"margin-top:0px;margin-bottom:20px;\"><div class=\"fusion-column-wrapper\"><div class=\"pb-wrap\">\r\n    <div class=\"wcp-loader\"><\/div>\r\n    <div><img decoding=\"async\" class=\"wcp-size-image\" style=\"display:none;\" src=\"http:\/\/box2028.temp.domains\/~bersonp1\/wp-content\/uploads\/2016\/08\/cover.jpg\"><\/div>\r\n    <div class=\"flipbook\" id=\"1701\">\r\n    <div><img decoding=\"async\" src=\"http:\/\/box2028.temp.domains\/~bersonp1\/wp-content\/uploads\/2016\/08\/cover.jpg\"><\/div><div><img decoding=\"async\" src=\"http:\/\/box2028.temp.domains\/~bersonp1\/wp-content\/uploads\/2016\/08\/page4.jpg\"><\/div><div><img decoding=\"async\" src=\"http:\/\/box2028.temp.domains\/~bersonp1\/wp-content\/uploads\/2016\/08\/page5.jpg\"><\/div><div><img decoding=\"async\" src=\"http:\/\/box2028.temp.domains\/~bersonp1\/wp-content\/uploads\/2016\/08\/page2.jpg\"><\/div><div><img decoding=\"async\" src=\"http:\/\/box2028.temp.domains\/~bersonp1\/wp-content\/uploads\/2016\/08\/page1.jpg\"><\/div><div><img decoding=\"async\" src=\"http:\/\/box2028.temp.domains\/~bersonp1\/wp-content\/uploads\/2017\/02\/page3.jpg\"><\/div>    <\/div>\r\n<\/div><div class=\"fusion-clearfix\"><\/div><\/div><\/div><div class=\"fusion-clearfix\"><\/div><\/div><\/div>\n","protected":false},"excerpt":{"rendered":"","protected":false},"author":2,"featured_media":0,"parent":0,"menu_order":0,"comment_status":"closed","ping_status":"open","template":"100-width.php","meta":{"footnotes":""},"class_list":["post-2367","page","type-page","status-publish","hentry"],"_links":{"self":[{"href":"https:\/\/berson-papermanmonuments.com\/fr\/wp-json\/wp\/v2\/pages\/2367","targetHints":{"allow":["GET"]}}],"collection":[{"href":"https:\/\/berson-papermanmonuments.com\/fr\/wp-json\/wp\/v2\/pages"}],"about":[{"href":"https:\/\/berson-papermanmonuments.com\/fr\/wp-json\/wp\/v2\/types\/page"}],"author":[{"embeddable":true,"href":"https:\/\/berson-papermanmonuments.com\/fr\/wp-json\/wp\/v2\/users\/2"}],"replies":[{"embeddable":true,"href":"https:\/\/berson-papermanmonuments.com\/fr\/wp-json\/wp\/v2\/comments?post=2367"}],"version-history":[{"count":2,"href":"https:\/\/berson-papermanmonuments.com\/fr\/wp-json\/wp\/v2\/pages\/2367\/revisions"}],"predecessor-version":[{"id":2369,"href":"https:\/\/berson-papermanmonuments.com\/fr\/wp-json\/wp\/v2\/pages\/2367\/revisions\/2369"}],"wp:attachment":[{"href":"https:\/\/berson-papermanmonuments.com\/fr\/wp-json\/wp\/v2\/media?parent=2367"}],"curies":[{"name":"wp","href":"https:\/\/api.w.org\/{rel}","templated":true}]}}